{"id":1251,"date":"2016-02-12T07:54:41","date_gmt":"2016-02-12T07:54:41","guid":{"rendered":"http:\/\/demos.famethemes.com\/onepress\/?page_id=4"},"modified":"2017-09-18T17:43:10","modified_gmt":"2017-09-18T17:43:10","slug":"home","status":"publish","type":"page","link":"https:\/\/chikicakes.com\/","title":{"rendered":"Home"},"content":{"rendered":"","protected":false},"excerpt":{"rendered":"","protected":false},"author":1,"featured_media":0,"parent":0,"menu_order":0,"comment_status":"closed","ping_status":"closed","template":"template-frontpage.php","meta":{"footnotes":""},"class_list":["post-1251","page","type-page","status-publish","hentry"],"yoast_head":"<!-- This site is optimized with the Yoast SEO plugin v27.3 - https:\/\/yoast.com\/product\/yoast-seo-wordpress\/ -->\n<title>ChikiCakes - El Dise\u00f1o y El Sabor Tienen Nombre Propio - Tienda Online de Pasteler\u00eda Creativa en Ciempozuelos<\/title>\n<meta name=\"description\" content=\"ChikiCakes El Dise\u00f1o y El Sabor Tienen Nombre Propio - ChikiCakes - Tienda Online de Pasteler\u00eda Creativa en Ciempozuelos\" \/>\n<meta name=\"robots\" content=\"index, follow, max-snippet:-1, max-image-preview:large, max-video-preview:-1\" \/>\n<link rel=\"canonical\" href=\"https:\/\/chikicakes.com\/\" \/>\n<meta property=\"og:locale\" content=\"es_ES\" \/>\n<meta property=\"og:type\" content=\"article\" \/>\n<meta property=\"og:title\" content=\"ChikiCakes - El Dise\u00f1o y El Sabor Tienen Nombre Propio - Tienda Online de Pasteler\u00eda Creativa en Ciempozuelos\" \/>\n<meta property=\"og:description\" content=\"ChikiCakes El Dise\u00f1o y El Sabor Tienen Nombre Propio - ChikiCakes - Tienda Online de Pasteler\u00eda Creativa en Ciempozuelos\" \/>\n<meta property=\"og:url\" content=\"https:\/\/chikicakes.com\/\" \/>\n<meta property=\"og:site_name\" content=\"ChikiCakes\" \/>\n<meta property=\"article:publisher\" content=\"https:\/\/www.facebook.com\/ChikiCakes\" \/>\n<meta property=\"article:modified_time\" content=\"2017-09-18T17:43:10+00:00\" \/>\n<meta name=\"twitter:card\" content=\"summary_large_image\" \/>\n<script type=\"application\/ld+json\" class=\"yoast-schema-graph\">{\"@context\":\"https:\\\/\\\/schema.org\",\"@graph\":[{\"@type\":\"WebPage\",\"@id\":\"https:\\\/\\\/chikicakes.com\\\/\",\"url\":\"https:\\\/\\\/chikicakes.com\\\/\",\"name\":\"ChikiCakes - El Dise\u00f1o y El Sabor Tienen Nombre Propio - Tienda Online de Pasteler\u00eda Creativa en Ciempozuelos\",\"isPartOf\":{\"@id\":\"https:\\\/\\\/chikicakes.com\\\/#website\"},\"datePublished\":\"2016-02-12T07:54:41+00:00\",\"dateModified\":\"2017-09-18T17:43:10+00:00\",\"description\":\"ChikiCakes El Dise\u00f1o y El Sabor Tienen Nombre Propio - ChikiCakes - Tienda Online de Pasteler\u00eda Creativa en Ciempozuelos\",\"breadcrumb\":{\"@id\":\"https:\\\/\\\/chikicakes.com\\\/#breadcrumb\"},\"inLanguage\":\"es\",\"potentialAction\":[{\"@type\":\"ReadAction\",\"target\":[\"https:\\\/\\\/chikicakes.com\\\/\"]}]},{\"@type\":\"BreadcrumbList\",\"@id\":\"https:\\\/\\\/chikicakes.com\\\/#breadcrumb\",\"itemListElement\":[{\"@type\":\"ListItem\",\"position\":1,\"name\":\"Portada\",\"item\":\"https:\\\/\\\/chikicakes.com\\\/\"},{\"@type\":\"ListItem\",\"position\":2,\"name\":\"Home\"}]},{\"@type\":\"WebSite\",\"@id\":\"https:\\\/\\\/chikicakes.com\\\/#website\",\"url\":\"https:\\\/\\\/chikicakes.com\\\/\",\"name\":\"ChikiCakes\",\"description\":\"El dise\u00f1o y el sabor tienen nombre propio\",\"publisher\":{\"@id\":\"https:\\\/\\\/chikicakes.com\\\/#organization\"},\"potentialAction\":[{\"@type\":\"SearchAction\",\"target\":{\"@type\":\"EntryPoint\",\"urlTemplate\":\"https:\\\/\\\/chikicakes.com\\\/?s={search_term_string}\"},\"query-input\":{\"@type\":\"PropertyValueSpecification\",\"valueRequired\":true,\"valueName\":\"search_term_string\"}}],\"inLanguage\":\"es\"},{\"@type\":\"Organization\",\"@id\":\"https:\\\/\\\/chikicakes.com\\\/#organization\",\"name\":\"ChikiCakes\",\"url\":\"https:\\\/\\\/chikicakes.com\\\/\",\"logo\":{\"@type\":\"ImageObject\",\"inLanguage\":\"es\",\"@id\":\"https:\\\/\\\/chikicakes.com\\\/#\\\/schema\\\/logo\\\/image\\\/\",\"url\":\"https:\\\/\\\/chikicakes.com\\\/wp-content\\\/uploads\\\/2017\\\/05\\\/logo-chikicakes100.png\",\"contentUrl\":\"https:\\\/\\\/chikicakes.com\\\/wp-content\\\/uploads\\\/2017\\\/05\\\/logo-chikicakes100.png\",\"width\":105,\"height\":100,\"caption\":\"ChikiCakes\"},\"image\":{\"@id\":\"https:\\\/\\\/chikicakes.com\\\/#\\\/schema\\\/logo\\\/image\\\/\"},\"sameAs\":[\"https:\\\/\\\/www.facebook.com\\\/ChikiCakes\",\"https:\\\/\\\/www.instagram.com\\\/chikicakes\"]}]}<\/script>\n<!-- \/ Yoast SEO plugin. -->","yoast_head_json":{"title":"ChikiCakes - El Dise\u00f1o y El Sabor Tienen Nombre Propio - Tienda Online de Pasteler\u00eda Creativa en Ciempozuelos","description":"ChikiCakes El Dise\u00f1o y El Sabor Tienen Nombre Propio - ChikiCakes - Tienda Online de Pasteler\u00eda Creativa en Ciempozuelos","robots":{"index":"index","follow":"follow","max-snippet":"max-snippet:-1","max-image-preview":"max-image-preview:large","max-video-preview":"max-video-preview:-1"},"canonical":"https:\/\/chikicakes.com\/","og_locale":"es_ES","og_type":"article","og_title":"ChikiCakes - El Dise\u00f1o y El Sabor Tienen Nombre Propio - Tienda Online de Pasteler\u00eda Creativa en Ciempozuelos","og_description":"ChikiCakes El Dise\u00f1o y El Sabor Tienen Nombre Propio - ChikiCakes - Tienda Online de Pasteler\u00eda Creativa en Ciempozuelos","og_url":"https:\/\/chikicakes.com\/","og_site_name":"ChikiCakes","article_publisher":"https:\/\/www.facebook.com\/ChikiCakes","article_modified_time":"2017-09-18T17:43:10+00:00","twitter_card":"summary_large_image","schema":{"@context":"https:\/\/schema.org","@graph":[{"@type":"WebPage","@id":"https:\/\/chikicakes.com\/","url":"https:\/\/chikicakes.com\/","name":"ChikiCakes - El Dise\u00f1o y El Sabor Tienen Nombre Propio - Tienda Online de Pasteler\u00eda Creativa en Ciempozuelos","isPartOf":{"@id":"https:\/\/chikicakes.com\/#website"},"datePublished":"2016-02-12T07:54:41+00:00","dateModified":"2017-09-18T17:43:10+00:00","description":"ChikiCakes El Dise\u00f1o y El Sabor Tienen Nombre Propio - ChikiCakes - Tienda Online de Pasteler\u00eda Creativa en Ciempozuelos","breadcrumb":{"@id":"https:\/\/chikicakes.com\/#breadcrumb"},"inLanguage":"es","potentialAction":[{"@type":"ReadAction","target":["https:\/\/chikicakes.com\/"]}]},{"@type":"BreadcrumbList","@id":"https:\/\/chikicakes.com\/#breadcrumb","itemListElement":[{"@type":"ListItem","position":1,"name":"Portada","item":"https:\/\/chikicakes.com\/"},{"@type":"ListItem","position":2,"name":"Home"}]},{"@type":"WebSite","@id":"https:\/\/chikicakes.com\/#website","url":"https:\/\/chikicakes.com\/","name":"ChikiCakes","description":"El dise\u00f1o y el sabor tienen nombre propio","publisher":{"@id":"https:\/\/chikicakes.com\/#organization"},"potentialAction":[{"@type":"SearchAction","target":{"@type":"EntryPoint","urlTemplate":"https:\/\/chikicakes.com\/?s={search_term_string}"},"query-input":{"@type":"PropertyValueSpecification","valueRequired":true,"valueName":"search_term_string"}}],"inLanguage":"es"},{"@type":"Organization","@id":"https:\/\/chikicakes.com\/#organization","name":"ChikiCakes","url":"https:\/\/chikicakes.com\/","logo":{"@type":"ImageObject","inLanguage":"es","@id":"https:\/\/chikicakes.com\/#\/schema\/logo\/image\/","url":"https:\/\/chikicakes.com\/wp-content\/uploads\/2017\/05\/logo-chikicakes100.png","contentUrl":"https:\/\/chikicakes.com\/wp-content\/uploads\/2017\/05\/logo-chikicakes100.png","width":105,"height":100,"caption":"ChikiCakes"},"image":{"@id":"https:\/\/chikicakes.com\/#\/schema\/logo\/image\/"},"sameAs":["https:\/\/www.facebook.com\/ChikiCakes","https:\/\/www.instagram.com\/chikicakes"]}]}},"_links":{"self":[{"href":"https:\/\/chikicakes.com\/index.php?rest_route=\/wp\/v2\/pages\/1251","targetHints":{"allow":["GET"]}}],"collection":[{"href":"https:\/\/chikicakes.com\/index.php?rest_route=\/wp\/v2\/pages"}],"about":[{"href":"https:\/\/chikicakes.com\/index.php?rest_route=\/wp\/v2\/types\/page"}],"author":[{"embeddable":true,"href":"https:\/\/chikicakes.com\/index.php?rest_route=\/wp\/v2\/users\/1"}],"replies":[{"embeddable":true,"href":"https:\/\/chikicakes.com\/index.php?rest_route=%2Fwp%2Fv2%2Fcomments&post=1251"}],"version-history":[{"count":1,"href":"https:\/\/chikicakes.com\/index.php?rest_route=\/wp\/v2\/pages\/1251\/revisions"}],"predecessor-version":[{"id":3482,"href":"https:\/\/chikicakes.com\/index.php?rest_route=\/wp\/v2\/pages\/1251\/revisions\/3482"}],"wp:attachment":[{"href":"https:\/\/chikicakes.com\/index.php?rest_route=%2Fwp%2Fv2%2Fmedia&parent=1251"}],"curies":[{"name":"wp","href":"https:\/\/api.w.org\/{rel}","templated":true}]}}